{"id":3288,"date":"2023-10-24T10:26:58","date_gmt":"2023-10-24T10:26:58","guid":{"rendered":"https:\/\/www.capkelenn.com\/gracias-contacto\/"},"modified":"2023-10-24T13:36:04","modified_gmt":"2023-10-24T13:36:04","slug":"merci-contact","status":"publish","type":"page","link":"https:\/\/www.capkelenn.com\/fr\/merci-contact\/","title":{"rendered":"Merci contact"},"content":{"rendered":"<p>[vc_row full_width=\u00a0\u00bbstretch_row\u00a0\u00bb full_height=\u00a0\u00bbyes\u00a0\u00bb content_placement=\u00a0\u00bbmiddle\u00a0\u00bb bg_type=\u00a0\u00bbimage\u00a0\u00bb parallax_style=\u00a0\u00bbvcpb-default\u00a0\u00bb bg_image_new=\u00a0\u00bbid^2371|url^https:\/\/www.capkelenn.com\/wp-content\/uploads\/2023\/09\/oficial-guardia-radio-binoculares-puente-navegacion-hombre-caucasico-sueter-uniforme-azul-puente-buque-carga-1.jpg|caption^null|alt^null|title^oficial-guardia-radio-binoculares-puente-navegacion-hombre-caucasico-sueter-uniforme-azul-puente-buque-carga (1)|description^null\u00a0\u00bb el_class=\u00a0\u00bbbloque-404&Prime;][vc_column][vc_column_text el_class=\u00a0\u00bbsubtitulo-404&Prime;]<\/p>\n<h2 style=\"text-align: center;\">Merci de nous avoir contact\u00e9s, nous vous r\u00e9pondrons dans les plus brefs d\u00e9lais.<\/h2>\n<p>[\/vc_column_text][vc_single_image image=\u00a0\u00bb43&Prime; img_size=\u00a0\u00bbfull\u00a0\u00bb alignment=\u00a0\u00bbcenter\u00a0\u00bb][\/vc_column][\/vc_row]<\/p>\n","protected":false},"excerpt":{"rendered":"<p>[vc_row full_width=\u00a0\u00bbstretch_row\u00a0\u00bb full_height=\u00a0\u00bbyes\u00a0\u00bb content_placement=\u00a0\u00bbmiddle\u00a0\u00bb bg_type=\u00a0\u00bbimage\u00a0\u00bb parallax_style=\u00a0\u00bbvcpb-default\u00a0\u00bb bg_image_new=\u00a0\u00bbid^2371|url^https:\/\/www.capkelenn.com\/wp-content\/uploads\/2023\/09\/oficial-guardia-radio-binoculares-puente-navegacion-hombre-caucasico-sueter-uniforme-azul-puente-buque-carga-1.jpg|caption^null|alt^null|title^oficial-guardia-radio-binoculares-puente-navegacion-hombre-caucasico-sueter-uniforme-azul-puente-buque-carga (1)|description^null\u00a0\u00bb el_class=\u00a0\u00bbbloque-404&Prime;][vc_column][vc_column_text el_class=\u00a0\u00bbsubtitulo-404&Prime;] Merci de nous avoir contact\u00e9s, nous vous r\u00e9pondrons dans les plus brefs d\u00e9lais. [\/vc_column_text][vc_single_image image=\u00a0\u00bb43&Prime; img_size=\u00a0\u00bbfull\u00a0\u00bb alignment=\u00a0\u00bbcenter\u00a0\u00bb][\/vc_column][\/vc_row]<\/p>\n","protected":false},"author":3,"featured_media":0,"parent":0,"menu_order":0,"comment_status":"closed","ping_status":"closed","template":"","meta":{"footnotes":""},"class_list":["post-3288","page","type-page","status-publish","hentry"],"yoast_head":"<!-- This site is optimized with the Yoast SEO plugin v22.7 - https:\/\/yoast.com\/wordpress\/plugins\/seo\/ -->\n<title>Merci contact - CapKelenn<\/title>\n<meta name=\"robots\" content=\"index, follow, max-snippet:-1, max-image-preview:large, max-video-preview:-1\" \/>\n<link rel=\"canonical\" href=\"https:\/\/www.capkelenn.com\/fr\/merci-contact\/\" \/>\n<meta property=\"og:locale\" content=\"fr_FR\" \/>\n<meta property=\"og:type\" content=\"article\" \/>\n<meta property=\"og:title\" content=\"Merci contact - CapKelenn\" \/>\n<meta property=\"og:description\" content=\"[vc_row full_width=\u00a0\u00bbstretch_row\u00a0\u00bb full_height=\u00a0\u00bbyes\u00a0\u00bb content_placement=\u00a0\u00bbmiddle\u00a0\u00bb bg_type=\u00a0\u00bbimage\u00a0\u00bb parallax_style=\u00a0\u00bbvcpb-default\u00a0\u00bb bg_image_new=\u00a0\u00bbid^2371|url^https:\/\/www.capkelenn.com\/wp-content\/uploads\/2023\/09\/oficial-guardia-radio-binoculares-puente-navegacion-hombre-caucasico-sueter-uniforme-azul-puente-buque-carga-1.jpg|caption^null|alt^null|title^oficial-guardia-radio-binoculares-puente-navegacion-hombre-caucasico-sueter-uniforme-azul-puente-buque-carga (1)|description^null\u00a0\u00bb el_class=\u00a0\u00bbbloque-404&Prime;][vc_column][vc_column_text el_class=\u00a0\u00bbsubtitulo-404&Prime;] Merci de nous avoir contact\u00e9s, nous vous r\u00e9pondrons dans les plus brefs d\u00e9lais. [\/vc_column_text][vc_single_image image=\u00a0\u00bb43&Prime; img_size=\u00a0\u00bbfull\u00a0\u00bb alignment=\u00a0\u00bbcenter\u00a0\u00bb][\/vc_column][\/vc_row]\" \/>\n<meta property=\"og:url\" content=\"https:\/\/www.capkelenn.com\/fr\/merci-contact\/\" \/>\n<meta property=\"og:site_name\" content=\"CapKelenn\" \/>\n<meta property=\"article:modified_time\" content=\"2023-10-24T13:36:04+00:00\" \/>\n<meta name=\"twitter:card\" content=\"summary_large_image\" \/>\n<meta name=\"twitter:label1\" content=\"Dur\u00e9e de lecture estim\u00e9e\" \/>\n\t<meta name=\"twitter:data1\" content=\"1 minute\" \/>\n<script type=\"application\/ld+json\" class=\"yoast-schema-graph\">{\"@context\":\"https:\/\/schema.org\",\"@graph\":[{\"@type\":\"WebPage\",\"@id\":\"https:\/\/www.capkelenn.com\/fr\/merci-contact\/\",\"url\":\"https:\/\/www.capkelenn.com\/fr\/merci-contact\/\",\"name\":\"Merci contact - CapKelenn\",\"isPartOf\":{\"@id\":\"https:\/\/www.capkelenn.com\/#website\"},\"datePublished\":\"2023-10-24T10:26:58+00:00\",\"dateModified\":\"2023-10-24T13:36:04+00:00\",\"breadcrumb\":{\"@id\":\"https:\/\/www.capkelenn.com\/fr\/merci-contact\/#breadcrumb\"},\"inLanguage\":\"fr-FR\",\"potentialAction\":[{\"@type\":\"ReadAction\",\"target\":[\"https:\/\/www.capkelenn.com\/fr\/merci-contact\/\"]}]},{\"@type\":\"BreadcrumbList\",\"@id\":\"https:\/\/www.capkelenn.com\/fr\/merci-contact\/#breadcrumb\",\"itemListElement\":[{\"@type\":\"ListItem\",\"position\":1,\"name\":\"Portada\",\"item\":\"https:\/\/www.capkelenn.com\/fr\/\"},{\"@type\":\"ListItem\",\"position\":2,\"name\":\"Merci contact\"}]},{\"@type\":\"WebSite\",\"@id\":\"https:\/\/www.capkelenn.com\/#website\",\"url\":\"https:\/\/www.capkelenn.com\/\",\"name\":\"CapKelenn\",\"description\":\"CapKelenn\",\"potentialAction\":[{\"@type\":\"SearchAction\",\"target\":{\"@type\":\"EntryPoint\",\"urlTemplate\":\"https:\/\/www.capkelenn.com\/?s={search_term_string}\"},\"query-input\":\"required name=search_term_string\"}],\"inLanguage\":\"fr-FR\"}]}<\/script>\n<!-- \/ Yoast SEO plugin. -->","yoast_head_json":{"title":"Merci contact - CapKelenn","robots":{"index":"index","follow":"follow","max-snippet":"max-snippet:-1","max-image-preview":"max-image-preview:large","max-video-preview":"max-video-preview:-1"},"canonical":"https:\/\/www.capkelenn.com\/fr\/merci-contact\/","og_locale":"fr_FR","og_type":"article","og_title":"Merci contact - CapKelenn","og_description":"[vc_row full_width=\u00a0\u00bbstretch_row\u00a0\u00bb full_height=\u00a0\u00bbyes\u00a0\u00bb content_placement=\u00a0\u00bbmiddle\u00a0\u00bb bg_type=\u00a0\u00bbimage\u00a0\u00bb parallax_style=\u00a0\u00bbvcpb-default\u00a0\u00bb bg_image_new=\u00a0\u00bbid^2371|url^https:\/\/www.capkelenn.com\/wp-content\/uploads\/2023\/09\/oficial-guardia-radio-binoculares-puente-navegacion-hombre-caucasico-sueter-uniforme-azul-puente-buque-carga-1.jpg|caption^null|alt^null|title^oficial-guardia-radio-binoculares-puente-navegacion-hombre-caucasico-sueter-uniforme-azul-puente-buque-carga (1)|description^null\u00a0\u00bb el_class=\u00a0\u00bbbloque-404&Prime;][vc_column][vc_column_text el_class=\u00a0\u00bbsubtitulo-404&Prime;] Merci de nous avoir contact\u00e9s, nous vous r\u00e9pondrons dans les plus brefs d\u00e9lais. [\/vc_column_text][vc_single_image image=\u00a0\u00bb43&Prime; img_size=\u00a0\u00bbfull\u00a0\u00bb alignment=\u00a0\u00bbcenter\u00a0\u00bb][\/vc_column][\/vc_row]","og_url":"https:\/\/www.capkelenn.com\/fr\/merci-contact\/","og_site_name":"CapKelenn","article_modified_time":"2023-10-24T13:36:04+00:00","twitter_card":"summary_large_image","twitter_misc":{"Dur\u00e9e de lecture estim\u00e9e":"1 minute"},"schema":{"@context":"https:\/\/schema.org","@graph":[{"@type":"WebPage","@id":"https:\/\/www.capkelenn.com\/fr\/merci-contact\/","url":"https:\/\/www.capkelenn.com\/fr\/merci-contact\/","name":"Merci contact - CapKelenn","isPartOf":{"@id":"https:\/\/www.capkelenn.com\/#website"},"datePublished":"2023-10-24T10:26:58+00:00","dateModified":"2023-10-24T13:36:04+00:00","breadcrumb":{"@id":"https:\/\/www.capkelenn.com\/fr\/merci-contact\/#breadcrumb"},"inLanguage":"fr-FR","potentialAction":[{"@type":"ReadAction","target":["https:\/\/www.capkelenn.com\/fr\/merci-contact\/"]}]},{"@type":"BreadcrumbList","@id":"https:\/\/www.capkelenn.com\/fr\/merci-contact\/#breadcrumb","itemListElement":[{"@type":"ListItem","position":1,"name":"Portada","item":"https:\/\/www.capkelenn.com\/fr\/"},{"@type":"ListItem","position":2,"name":"Merci contact"}]},{"@type":"WebSite","@id":"https:\/\/www.capkelenn.com\/#website","url":"https:\/\/www.capkelenn.com\/","name":"CapKelenn","description":"CapKelenn","potentialAction":[{"@type":"SearchAction","target":{"@type":"EntryPoint","urlTemplate":"https:\/\/www.capkelenn.com\/?s={search_term_string}"},"query-input":"required name=search_term_string"}],"inLanguage":"fr-FR"}]}},"_links":{"self":[{"href":"https:\/\/www.capkelenn.com\/fr\/wp-json\/wp\/v2\/pages\/3288","targetHints":{"allow":["GET"]}}],"collection":[{"href":"https:\/\/www.capkelenn.com\/fr\/wp-json\/wp\/v2\/pages"}],"about":[{"href":"https:\/\/www.capkelenn.com\/fr\/wp-json\/wp\/v2\/types\/page"}],"author":[{"embeddable":true,"href":"https:\/\/www.capkelenn.com\/fr\/wp-json\/wp\/v2\/users\/3"}],"replies":[{"embeddable":true,"href":"https:\/\/www.capkelenn.com\/fr\/wp-json\/wp\/v2\/comments?post=3288"}],"version-history":[{"count":4,"href":"https:\/\/www.capkelenn.com\/fr\/wp-json\/wp\/v2\/pages\/3288\/revisions"}],"predecessor-version":[{"id":3296,"href":"https:\/\/www.capkelenn.com\/fr\/wp-json\/wp\/v2\/pages\/3288\/revisions\/3296"}],"wp:attachment":[{"href":"https:\/\/www.capkelenn.com\/fr\/wp-json\/wp\/v2\/media?parent=3288"}],"curies":[{"name":"wp","href":"https:\/\/api.w.org\/{rel}","templated":true}]}}