{"id":2139,"date":"2022-10-03T13:31:46","date_gmt":"2022-10-03T13:31:46","guid":{"rendered":"https:\/\/www.capkelenn.com\/contacto\/"},"modified":"2024-02-13T08:41:25","modified_gmt":"2024-02-13T08:41:25","slug":"contact","status":"publish","type":"page","link":"https:\/\/www.capkelenn.com\/fr\/contact\/","title":{"rendered":"Contact"},"content":{"rendered":"<p>[vc_row full_width=\u00a0\u00bbstretch_row_content_no_spaces\u00a0\u00bb el_class=\u00a0\u00bbcabecera-peq\u00a0\u00bb][vc_column][vc_single_image image=\u00a0\u00bb2763&Prime; img_size=\u00a0\u00bbfull\u00a0\u00bb][vc_custom_heading text=\u00a0\u00bbContact\u00a0\u00bb font_container=\u00a0\u00bbtag:h1|text_align:left|color:%23ffffff\u00a0\u00bb use_theme_fonts=\u00a0\u00bbyes\u00a0\u00bb el_class=\u00a0\u00bbcolor-negro\u00a0\u00bb][\/vc_column][\/vc_row][vc_row][vc_column]<div class=\"ult-spacer spacer-69e1a386e33a2\" data-id=\"69e1a386e33a2\" data-height=\"60\" data-height-mobile=\"60\" data-height-tab=\"60\" data-height-tab-portrait=\"\" data-height-mobile-landscape=\"\" style=\"clear:both;display:block;\"><\/div>[vc_custom_heading text=\u00a0\u00bbContactez-nous\u00a0\u00bb font_container=\u00a0\u00bbtag:h2|text_align:center\u00a0\u00bb use_theme_fonts=\u00a0\u00bbyes\u00a0\u00bb el_class=\u00a0\u00bbprimary-color\u00a0\u00bb]<div class=\"ult-spacer spacer-69e1a386e33de\" data-id=\"69e1a386e33de\" data-height=\"30\" data-height-mobile=\"30\" data-height-tab=\"30\" data-height-tab-portrait=\"\" data-height-mobile-landscape=\"\" style=\"clear:both;display:block;\"><\/div>[vc_single_image image=\u00a0\u00bb43&Prime; img_size=\u00a0\u00bbfull\u00a0\u00bb alignment=\u00a0\u00bbcenter\u00a0\u00bb][vc_column_text]<\/p>\n<p style=\"text-align: center;\">Si vous souhaitez vivre l&rsquo;exp\u00e9rience de la m\u00e9thode CapKelenn<\/p>\n<p style=\"text-align: center;\">Contactez-nous!<\/p>\n<p>[\/vc_column_text][vc_column_text el_class=\u00a0\u00bbprimary-color\u00a0\u00bb]<\/p>\n<p style=\"text-align: center;\"><a href=\"mailto:info@capkelenn.com\">info@capkelenn.com<\/a><\/p>\n<p>[\/vc_column_text][vc_column_text el_class=\u00a0\u00bbprimary-color\u00a0\u00bb]<\/p>\n<p style=\"text-align: center;\"><a href=\"tel: 0629058828\">+33 06 29 05 88 28 \u00a0\u00a0<\/a><\/p>\n<p>[\/vc_column_text][\/vc_column][\/vc_row][vc_row][vc_column]<div role=\"form\" class=\"wpcf7\" id=\"wpcf7-f2223-o1\" lang=\"fr-FR\" dir=\"ltr\">\n<div class=\"screen-reader-response\"><p role=\"status\" aria-live=\"polite\" aria-atomic=\"true\"><\/p> <ul><\/ul><\/div>\n<form action=\"\/fr\/wp-json\/wp\/v2\/pages\/2139#wpcf7-f2223-o1\" method=\"post\" class=\"wpcf7-form init mailchimp-ext-0.5.69\" novalidate=\"novalidate\" data-status=\"init\">\n<div style=\"display: none;\">\n<input type=\"hidden\" name=\"_wpcf7\" value=\"2223\" \/>\n<input type=\"hidden\" name=\"_wpcf7_version\" value=\"5.5.6.1\" \/>\n<input type=\"hidden\" name=\"_wpcf7_locale\" value=\"fr_FR\" \/>\n<input type=\"hidden\" name=\"_wpcf7_unit_tag\" value=\"wpcf7-f2223-o1\" \/>\n<input type=\"hidden\" name=\"_wpcf7_container_post\" value=\"0\" \/>\n<input type=\"hidden\" name=\"_wpcf7_posted_data_hash\" value=\"\" \/>\n<input type=\"hidden\" name=\"_wpcf7_recaptcha_response\" value=\"\" \/>\n<\/div>\n<div style=\"\" class=\"vc_col-sm-6 form-margin-top\"><span class=\"wpcf7-form-control-wrap nombre\"><input type=\"text\" name=\"nombre\" value=\"\" size=\"40\" class=\"wpcf7-form-control wpcf7-text wpcf7-validates-as-required\" aria-required=\"true\" aria-invalid=\"false\" placeholder=\"*Nom\" \/><\/span><\/div>\n<div style=\"\" class=\"vc_col-sm-6 form-margin-top\"><span class=\"wpcf7-form-control-wrap apellido\"><input type=\"text\" name=\"apellido\" value=\"\" size=\"40\" class=\"wpcf7-form-control wpcf7-text wpcf7-validates-as-required\" aria-required=\"true\" aria-invalid=\"false\" placeholder=\"*Pr\u00e9nom\" \/><\/span><\/div>\n<div style=\"\" class=\"vc_col-sm-6 form-margin-top\"><span class=\"wpcf7-form-control-wrap email-416\"><input type=\"email\" name=\"email-416\" value=\"\" size=\"40\" class=\"wpcf7-form-control wpcf7-text wpcf7-email wpcf7-validates-as-required wpcf7-validates-as-email\" aria-required=\"true\" aria-invalid=\"false\" placeholder=\"*Email\" \/><\/span><\/div>\n<div class=\"vc_col-sm-6 form-margin-top\"><span class=\"wpcf7-form-control-wrap telephone\"><input type=\"tel\" name=\"telephone\" value=\"\" size=\"40\" class=\"wpcf7-form-control wpcf7-text wpcf7-tel wpcf7-validates-as-tel\" id=\"telephone\" aria-invalid=\"false\" placeholder=\"T\u00e9l\u00e9phone\" \/><\/span><\/div>\n<div style=\"margin-top: 10px;\" class=\"vc_col-sm-6 form-margin-top\"><span class=\"wpcf7-form-control-wrap nombreempresa\"><input type=\"text\" name=\"nombreempresa\" value=\"\" size=\"40\" class=\"wpcf7-form-control wpcf7-text wpcf7-validates-as-required\" aria-required=\"true\" aria-invalid=\"false\" placeholder=\"*Entreprise\" \/><\/span><\/div>\n<div style=\"margin-top: 10px;\" class=\"vc_col-sm-6 form-margin-top\"><span class=\"wpcf7-form-control-wrap posicion\"><input type=\"text\" name=\"posicion\" value=\"\" size=\"40\" class=\"wpcf7-form-control wpcf7-text\" aria-invalid=\"false\" placeholder=\"Poste\" \/><\/span><\/div>\n<div style=\"\" class=\"vc_col-sm-12 form-margin-top\"><span class=\"wpcf7-form-control-wrap mensaje\"><textarea name=\"mensaje\" cols=\"40\" rows=\"10\" class=\"wpcf7-form-control wpcf7-textarea\" aria-invalid=\"false\" placeholder=\"Message\"><\/textarea><\/span><\/div>\n<div class=\"vc_col-sm-12\">\n    <label class=\"politica-privacidad\"><span class=\"wpcf7-form-control-wrap politica\"><span class=\"wpcf7-form-control wpcf7-checkbox wpcf7-validates-as-required\"><span class=\"wpcf7-list-item first last\"><input type=\"checkbox\" name=\"politica[]\" value=\"\" \/><span class=\"wpcf7-list-item-label\"><\/span><\/span><\/span><\/span><span>J'ai lu et j'accepte la<a href=\"https:\/\/www.capkelenn.com\/politica-privacidad\/\">Politique de Confidentialit\u00e9 <\/a><\/span><\/label>\n<\/div>\n<div class=\"vc_col-sm-10\">\n<span class=\"wpcf7-form-control-wrap recaptcha\" data-name=\"recaptcha\"><span data-sitekey=\"6LegTa4nAAAAAL8sXsADcf7sdhZseVmGSR3MMBYD\" class=\"wpcf7-form-control g-recaptcha wpcf7-recaptcha\"><\/span>\r\n<noscript>\r\n\t<div class=\"grecaptcha-noscript\">\r\n\t\t<iframe loading=\"lazy\" src=\"https:\/\/www.google.com\/recaptcha\/api\/fallback?k=6LegTa4nAAAAAL8sXsADcf7sdhZseVmGSR3MMBYD\" frameborder=\"0\" scrolling=\"no\" width=\"310\" height=\"430\">\r\n\t\t<\/iframe>\r\n\t\t<textarea name=\"g-recaptcha-response\" rows=\"3\" cols=\"40\" placeholder=\"reCaptcha Response Here\">\r\n\t\t<\/textarea>\r\n\t<\/div>\r\n<\/noscript>\r\n<\/span>\n<\/div>\n<div class=\"vc_col-sm-2 fila-enviar\">\n    <input type=\"submit\" value=\"Send\" class=\"wpcf7-form-control has-spinner wpcf7-submit\" \/>\n<\/div>\n<div class=\"wpcf7-response-output\" aria-hidden=\"true\"><\/div><p style=\"display: none !important\"><span class=\"wpcf7-form-control-wrap referer-page\"><input type=\"hidden\" name=\"referer-page\" value=\"http:\/\/Direct%20Visit\" data-value=\"http:\/\/Direct%20Visit\" class=\"wpcf7-form-control wpcf7-text referer-page\" aria-invalid=\"false\"><\/span><\/p>\n<!-- Chimpmatic extension by Renzo Johnson --><\/form><\/div>[\/vc_column][\/vc_row][vc_row full_width=\u00a0\u00bbstretch_row_content_no_spaces\u00a0\u00bb el_class=\u00a0\u00bbbanner-mundo mundo-white border-radius-right\u00a0\u00bb][vc_column width=\u00a0\u00bb2\/5&Prime;][\/vc_column][vc_column width=\u00a0\u00bb3\/5&Prime; css=\u00a0\u00bb.vc_custom_1664373365024{background-color: rgba(68,89,124,0.8) !important;*background-color: rgb(68,89,124) !important;}\u00a0\u00bb el_class=\u00a0\u00bbborder-radius-left bloque-oscuro-mundo\u00a0\u00bb][vc_custom_heading text=\u00a0\u00bbCoaching et formation en 12 langues\u00a0\u00bb use_theme_fonts=\u00a0\u00bbyes\u00a0\u00bb el_class=\u00a0\u00bbcolor-blanco texto-poppins texto-34px\u00a0\u00bb]<div class=\"ult-spacer spacer-69e1a386e446f\" data-id=\"69e1a386e446f\" data-height=\"10\" data-height-mobile=\"10\" data-height-tab=\"10\" data-height-tab-portrait=\"\" data-height-mobile-landscape=\"\" style=\"clear:both;display:block;\"><\/div>[vc_separator color=\u00a0\u00bbwhite\u00a0\u00bb][vc_row_inner][vc_column_inner][vc_column_text el_class=\u00a0\u00bbcolor-blanco\u00a0\u00bb]Toutes nos solutions sont enseign\u00e9es par nos coachs<strong>\u00a0certifi\u00e9s accr\u00e9dit\u00e9s.<\/strong><\/p>\n<p>Ce sont des coachs ex\u00e9cutifs r\u00e9partis \u00e0 l\u2019\u00e9chelle internationale, experts poss\u00e9dant une exp\u00e9rience av\u00e9r\u00e9e dans de multiples secteurs et disciplines.[\/vc_column_text][vc_column_text el_class=\u00a0\u00bbcolor-blanco\u00a0\u00bb]Nous travaillons en 12 langues:<\/p>\n<p><strong>Anglais, fran\u00e7ais, espagnol, catalan, allemand, italien, portugais, russe, serbe, chinois, japonais et cor\u00e9en.<\/strong>[\/vc_column_text][\/vc_column_inner][\/vc_row_inner][\/vc_column][\/vc_row]<\/p>\n","protected":false},"excerpt":{"rendered":"<p>[vc_row full_width=\u00a0\u00bbstretch_row_content_no_spaces\u00a0\u00bb el_class=\u00a0\u00bbcabecera-peq\u00a0\u00bb][vc_column][vc_single_image image=\u00a0\u00bb2763&Prime; img_size=\u00a0\u00bbfull\u00a0\u00bb][vc_custom_heading text=\u00a0\u00bbContact\u00a0\u00bb font_container=\u00a0\u00bbtag:h1|text_align:left|color:%23ffffff\u00a0\u00bb use_theme_fonts=\u00a0\u00bbyes\u00a0\u00bb el_class=\u00a0\u00bbcolor-negro\u00a0\u00bb][\/vc_column][\/vc_row][vc_row][vc_column][vc_custom_heading text=\u00a0\u00bbContactez-nous\u00a0\u00bb font_container=\u00a0\u00bbtag:h2|text_align:center\u00a0\u00bb use_theme_fonts=\u00a0\u00bbyes\u00a0\u00bb el_class=\u00a0\u00bbprimary-color\u00a0\u00bb][vc_single_image image=\u00a0\u00bb43&Prime; img_size=\u00a0\u00bbfull\u00a0\u00bb alignment=\u00a0\u00bbcenter\u00a0\u00bb][vc_column_text] Si vous souhaitez vivre l&rsquo;exp\u00e9rience de la m\u00e9thode CapKelenn Contactez-nous! [\/vc_column_text][vc_column_text el_class=\u00a0\u00bbprimary-color\u00a0\u00bb] info@capkelenn.com [\/vc_column_text][vc_column_text el_class=\u00a0\u00bbprimary-color\u00a0\u00bb] +33 06 29 05 88 28 \u00a0\u00a0 [\/vc_column_text][\/vc_column][\/vc_row][vc_row][vc_column][\/vc_column][\/vc_row][vc_row full_width=\u00a0\u00bbstretch_row_content_no_spaces\u00a0\u00bb el_class=\u00a0\u00bbbanner-mundo mundo-white border-radius-right\u00a0\u00bb][vc_column width=\u00a0\u00bb2\/5&Prime;][\/vc_column][vc_column width=\u00a0\u00bb3\/5&Prime; css=\u00a0\u00bb.vc_custom_1664373365024{background-color: rgba(68,89,124,0.8) !important;*background-color: rgb(68,89,124) !important;}\u00a0\u00bb el_class=\u00a0\u00bbborder-radius-left bloque-oscuro-mundo\u00a0\u00bb][vc_custom_heading text=\u00a0\u00bbCoaching et formation [&hellip;]<\/p>\n","protected":false},"author":2,"featured_media":0,"parent":0,"menu_order":0,"comment_status":"closed","ping_status":"closed","template":"","meta":{"footnotes":""},"class_list":["post-2139","page","type-page","status-publish","hentry"],"yoast_head":"<!-- This site is optimized with the Yoast SEO plugin v22.7 - https:\/\/yoast.com\/wordpress\/plugins\/seo\/ -->\n<title>Contact | CapKelenn<\/title>\n<meta name=\"robots\" content=\"index, follow, max-snippet:-1, max-image-preview:large, max-video-preview:-1\" \/>\n<link rel=\"canonical\" href=\"https:\/\/www.capkelenn.com\/fr\/contact\/\" \/>\n<meta property=\"og:locale\" content=\"fr_FR\" \/>\n<meta property=\"og:type\" content=\"article\" \/>\n<meta property=\"og:title\" content=\"Contact | CapKelenn\" \/>\n<meta property=\"og:description\" content=\"[vc_row full_width=\u00a0\u00bbstretch_row_content_no_spaces\u00a0\u00bb el_class=\u00a0\u00bbcabecera-peq\u00a0\u00bb][vc_column][vc_single_image image=\u00a0\u00bb2763&Prime; img_size=\u00a0\u00bbfull\u00a0\u00bb][vc_custom_heading text=\u00a0\u00bbContact\u00a0\u00bb font_container=\u00a0\u00bbtag:h1|text_align:left|color:%23ffffff\u00a0\u00bb use_theme_fonts=\u00a0\u00bbyes\u00a0\u00bb el_class=\u00a0\u00bbcolor-negro\u00a0\u00bb][\/vc_column][\/vc_row][vc_row][vc_column][vc_custom_heading text=\u00a0\u00bbContactez-nous\u00a0\u00bb font_container=\u00a0\u00bbtag:h2|text_align:center\u00a0\u00bb use_theme_fonts=\u00a0\u00bbyes\u00a0\u00bb el_class=\u00a0\u00bbprimary-color\u00a0\u00bb][vc_single_image image=\u00a0\u00bb43&Prime; img_size=\u00a0\u00bbfull\u00a0\u00bb alignment=\u00a0\u00bbcenter\u00a0\u00bb][vc_column_text] Si vous souhaitez vivre l&rsquo;exp\u00e9rience de la m\u00e9thode CapKelenn Contactez-nous! [\/vc_column_text][vc_column_text el_class=\u00a0\u00bbprimary-color\u00a0\u00bb] info@capkelenn.com [\/vc_column_text][vc_column_text el_class=\u00a0\u00bbprimary-color\u00a0\u00bb] +33 06 29 05 88 28 \u00a0\u00a0 [\/vc_column_text][\/vc_column][\/vc_row][vc_row][vc_column][\/vc_column][\/vc_row][vc_row full_width=\u00a0\u00bbstretch_row_content_no_spaces\u00a0\u00bb el_class=\u00a0\u00bbbanner-mundo mundo-white border-radius-right\u00a0\u00bb][vc_column width=\u00a0\u00bb2\/5&Prime;][\/vc_column][vc_column width=\u00a0\u00bb3\/5&Prime; css=\u00a0\u00bb.vc_custom_1664373365024{background-color: rgba(68,89,124,0.8) !important;*background-color: rgb(68,89,124) !important;}\u00a0\u00bb el_class=\u00a0\u00bbborder-radius-left bloque-oscuro-mundo\u00a0\u00bb][vc_custom_heading text=\u00a0\u00bbCoaching et formation [&hellip;]\" \/>\n<meta property=\"og:url\" content=\"https:\/\/www.capkelenn.com\/fr\/contact\/\" \/>\n<meta property=\"og:site_name\" content=\"CapKelenn\" \/>\n<meta property=\"article:modified_time\" content=\"2024-02-13T08:41:25+00:00\" \/>\n<meta name=\"twitter:card\" content=\"summary_large_image\" \/>\n<meta name=\"twitter:label1\" content=\"Dur\u00e9e de lecture estim\u00e9e\" \/>\n\t<meta name=\"twitter:data1\" content=\"1 minute\" \/>\n<script type=\"application\/ld+json\" class=\"yoast-schema-graph\">{\"@context\":\"https:\/\/schema.org\",\"@graph\":[{\"@type\":\"WebPage\",\"@id\":\"https:\/\/www.capkelenn.com\/fr\/contact\/\",\"url\":\"https:\/\/www.capkelenn.com\/fr\/contact\/\",\"name\":\"Contact | CapKelenn\",\"isPartOf\":{\"@id\":\"https:\/\/www.capkelenn.com\/#website\"},\"datePublished\":\"2022-10-03T13:31:46+00:00\",\"dateModified\":\"2024-02-13T08:41:25+00:00\",\"breadcrumb\":{\"@id\":\"https:\/\/www.capkelenn.com\/fr\/contact\/#breadcrumb\"},\"inLanguage\":\"fr-FR\",\"potentialAction\":[{\"@type\":\"ReadAction\",\"target\":[\"https:\/\/www.capkelenn.com\/fr\/contact\/\"]}]},{\"@type\":\"BreadcrumbList\",\"@id\":\"https:\/\/www.capkelenn.com\/fr\/contact\/#breadcrumb\",\"itemListElement\":[{\"@type\":\"ListItem\",\"position\":1,\"name\":\"Portada\",\"item\":\"https:\/\/www.capkelenn.com\/fr\/\"},{\"@type\":\"ListItem\",\"position\":2,\"name\":\"Contact\"}]},{\"@type\":\"WebSite\",\"@id\":\"https:\/\/www.capkelenn.com\/#website\",\"url\":\"https:\/\/www.capkelenn.com\/\",\"name\":\"CapKelenn\",\"description\":\"CapKelenn\",\"potentialAction\":[{\"@type\":\"SearchAction\",\"target\":{\"@type\":\"EntryPoint\",\"urlTemplate\":\"https:\/\/www.capkelenn.com\/?s={search_term_string}\"},\"query-input\":\"required name=search_term_string\"}],\"inLanguage\":\"fr-FR\"}]}<\/script>\n<!-- \/ Yoast SEO plugin. -->","yoast_head_json":{"title":"Contact | CapKelenn","robots":{"index":"index","follow":"follow","max-snippet":"max-snippet:-1","max-image-preview":"max-image-preview:large","max-video-preview":"max-video-preview:-1"},"canonical":"https:\/\/www.capkelenn.com\/fr\/contact\/","og_locale":"fr_FR","og_type":"article","og_title":"Contact | CapKelenn","og_description":"[vc_row full_width=\u00a0\u00bbstretch_row_content_no_spaces\u00a0\u00bb el_class=\u00a0\u00bbcabecera-peq\u00a0\u00bb][vc_column][vc_single_image image=\u00a0\u00bb2763&Prime; img_size=\u00a0\u00bbfull\u00a0\u00bb][vc_custom_heading text=\u00a0\u00bbContact\u00a0\u00bb font_container=\u00a0\u00bbtag:h1|text_align:left|color:%23ffffff\u00a0\u00bb use_theme_fonts=\u00a0\u00bbyes\u00a0\u00bb el_class=\u00a0\u00bbcolor-negro\u00a0\u00bb][\/vc_column][\/vc_row][vc_row][vc_column][vc_custom_heading text=\u00a0\u00bbContactez-nous\u00a0\u00bb font_container=\u00a0\u00bbtag:h2|text_align:center\u00a0\u00bb use_theme_fonts=\u00a0\u00bbyes\u00a0\u00bb el_class=\u00a0\u00bbprimary-color\u00a0\u00bb][vc_single_image image=\u00a0\u00bb43&Prime; img_size=\u00a0\u00bbfull\u00a0\u00bb alignment=\u00a0\u00bbcenter\u00a0\u00bb][vc_column_text] Si vous souhaitez vivre l&rsquo;exp\u00e9rience de la m\u00e9thode CapKelenn Contactez-nous! [\/vc_column_text][vc_column_text el_class=\u00a0\u00bbprimary-color\u00a0\u00bb] info@capkelenn.com [\/vc_column_text][vc_column_text el_class=\u00a0\u00bbprimary-color\u00a0\u00bb] +33 06 29 05 88 28 \u00a0\u00a0 [\/vc_column_text][\/vc_column][\/vc_row][vc_row][vc_column][\/vc_column][\/vc_row][vc_row full_width=\u00a0\u00bbstretch_row_content_no_spaces\u00a0\u00bb el_class=\u00a0\u00bbbanner-mundo mundo-white border-radius-right\u00a0\u00bb][vc_column width=\u00a0\u00bb2\/5&Prime;][\/vc_column][vc_column width=\u00a0\u00bb3\/5&Prime; css=\u00a0\u00bb.vc_custom_1664373365024{background-color: rgba(68,89,124,0.8) !important;*background-color: rgb(68,89,124) !important;}\u00a0\u00bb el_class=\u00a0\u00bbborder-radius-left bloque-oscuro-mundo\u00a0\u00bb][vc_custom_heading text=\u00a0\u00bbCoaching et formation [&hellip;]","og_url":"https:\/\/www.capkelenn.com\/fr\/contact\/","og_site_name":"CapKelenn","article_modified_time":"2024-02-13T08:41:25+00:00","twitter_card":"summary_large_image","twitter_misc":{"Dur\u00e9e de lecture estim\u00e9e":"1 minute"},"schema":{"@context":"https:\/\/schema.org","@graph":[{"@type":"WebPage","@id":"https:\/\/www.capkelenn.com\/fr\/contact\/","url":"https:\/\/www.capkelenn.com\/fr\/contact\/","name":"Contact | CapKelenn","isPartOf":{"@id":"https:\/\/www.capkelenn.com\/#website"},"datePublished":"2022-10-03T13:31:46+00:00","dateModified":"2024-02-13T08:41:25+00:00","breadcrumb":{"@id":"https:\/\/www.capkelenn.com\/fr\/contact\/#breadcrumb"},"inLanguage":"fr-FR","potentialAction":[{"@type":"ReadAction","target":["https:\/\/www.capkelenn.com\/fr\/contact\/"]}]},{"@type":"BreadcrumbList","@id":"https:\/\/www.capkelenn.com\/fr\/contact\/#breadcrumb","itemListElement":[{"@type":"ListItem","position":1,"name":"Portada","item":"https:\/\/www.capkelenn.com\/fr\/"},{"@type":"ListItem","position":2,"name":"Contact"}]},{"@type":"WebSite","@id":"https:\/\/www.capkelenn.com\/#website","url":"https:\/\/www.capkelenn.com\/","name":"CapKelenn","description":"CapKelenn","potentialAction":[{"@type":"SearchAction","target":{"@type":"EntryPoint","urlTemplate":"https:\/\/www.capkelenn.com\/?s={search_term_string}"},"query-input":"required name=search_term_string"}],"inLanguage":"fr-FR"}]}},"_links":{"self":[{"href":"https:\/\/www.capkelenn.com\/fr\/wp-json\/wp\/v2\/pages\/2139","targetHints":{"allow":["GET"]}}],"collection":[{"href":"https:\/\/www.capkelenn.com\/fr\/wp-json\/wp\/v2\/pages"}],"about":[{"href":"https:\/\/www.capkelenn.com\/fr\/wp-json\/wp\/v2\/types\/page"}],"author":[{"embeddable":true,"href":"https:\/\/www.capkelenn.com\/fr\/wp-json\/wp\/v2\/users\/2"}],"replies":[{"embeddable":true,"href":"https:\/\/www.capkelenn.com\/fr\/wp-json\/wp\/v2\/comments?post=2139"}],"version-history":[{"count":16,"href":"https:\/\/www.capkelenn.com\/fr\/wp-json\/wp\/v2\/pages\/2139\/revisions"}],"predecessor-version":[{"id":3926,"href":"https:\/\/www.capkelenn.com\/fr\/wp-json\/wp\/v2\/pages\/2139\/revisions\/3926"}],"wp:attachment":[{"href":"https:\/\/www.capkelenn.com\/fr\/wp-json\/wp\/v2\/media?parent=2139"}],"curies":[{"name":"wp","href":"https:\/\/api.w.org\/{rel}","templated":true}]}}