{"id":4467,"date":"2022-05-30T07:58:57","date_gmt":"2022-05-30T07:58:57","guid":{"rendered":"https:\/\/www.capkelenn.com\/politica-privacidad\/"},"modified":"2024-02-16T08:10:59","modified_gmt":"2024-02-16T08:10:59","slug":"datenschutzrichtlinie","status":"publish","type":"page","link":"https:\/\/www.capkelenn.com\/de\/datenschutzrichtlinie\/","title":{"rendered":"Datenschutzrichtlinie"},"content":{"rendered":"<p>[vc_row][vc_column]<div class=\"ult-spacer spacer-69e1ecc5a68c4\" data-id=\"69e1ecc5a68c4\" data-height=\"100\" data-height-mobile=\"100\" data-height-tab=\"100\" data-height-tab-portrait=\"\" data-height-mobile-landscape=\"\" style=\"clear:both;display:block;\"><\/div>[vc_custom_heading source=&#8220;post_title&#8220; font_container=&#8220;tag:h1|text_align:left&#8220; use_theme_fonts=&#8220;yes&#8220; el_class=&#8220;primary-color&#8220;]<div class=\"ult-spacer spacer-69e1ecc5a6907\" data-id=\"69e1ecc5a6907\" data-height=\"60\" data-height-mobile=\"60\" data-height-tab=\"60\" data-height-tab-portrait=\"\" data-height-mobile-landscape=\"\" style=\"clear:both;display:block;\"><\/div>[vc_column_text el_class=&#8220;primary-color&#8220;]<\/p>\r\n<div class=\"outstanding w-100 text-center\">\r\n<p style=\"text-align: left;\"><span style=\"color: #44597c;\"><strong>1. Wer ist f\u00fcr die Verarbeitung Ihrer Daten verantwortlich?<\/strong><\/span><\/p>\r\n<p style=\"text-align: left;\">CAPKELENN S.L.<\/p>\r\n<p style=\"text-align: left;\">CIF: B85770212<\/p>\r\n<p style=\"text-align: left;\">REGISTRIERTE ADRESSE: Fernando el Cat\u00f3lica, 5, 28015, Madrid<\/p>\r\n<p style=\"text-align: left;\">E-Mail: <a href=\"mailto:info@capkelenn.com\">info@capkelenn.com<\/a><\/p>\r\n<p style=\"text-align: left;\">Telefon: 91 447 57 07<\/p>\r\n<p style=\"text-align: left;\">DPO-Daten: GRUPO ADAPTALIA \u2013 LEGAL FORMATIVO S.L. legal@grupoadaptalia.es<\/p>\r\n<p style=\"text-align: left;\">91 553 34 08<\/p>\r\n<p style=\"text-align: left;\"><span style=\"color: #44597c;\"><strong>2. ZU WELCHEM ZWECK VERARBEITEN WIR IHRE PERSONENBEZOGENEN DATEN?<\/strong><\/span><\/p>\r\n<p style=\"text-align: left;\">Bei CAPKELENN S.L. Wir verarbeiten die von Ihnen zur Verf\u00fcgung gestellten Informationen, um das uns verbindende Vertragsverh\u00e4ltnis zu verwalten, den Versand der von Ihnen angeforderten Informationen zu verwalten, Interessenten Angebote zu unseren Dienstleistungen und\/oder interessanten Produkten zukommen zu lassen und\/oder deren Bewerbung zu verwalten.<\/p>\r\n<p style=\"text-align: left;\"><strong><span style=\"color: #44597c;\">3. WIE LANGE WERDEN IHRE PERSONENBEZOGENEN DATEN AUFBEWAHRT?<\/span><\/strong>Ihre Daten werden so lange aufbewahrt, wie es f\u00fcr die ordnungsgem\u00e4\u00dfe Erbringung der angebotenen Dienstleistung sowie f\u00fcr die Erf\u00fcllung der sich daraus ergebenden Verantwortlichkeiten und anderer gesetzlicher Anforderungen erforderlich ist.<\/p>\r\n<p style=\"text-align: left;\"><span style=\"color: #44597c;\"><strong>4. WELCHE RECHTM\u00c4\u00dfIGKEIT IST DIE VERARBEITUNG IHRER DATEN?<\/strong><\/span><\/p>\r\n<p style=\"text-align: left;\">Die Rechtsgrundlage f\u00fcr die Verarbeitung Ihrer personenbezogenen Daten kann die Durchf\u00fchrung eines potenziellen und\/oder unterzeichneten Vertragsverh\u00e4ltnisses, ein berechtigtes Interesse, eine gesetzliche Genehmigung und\/oder eine Einwilligung des Interessenten sein. Die Daten, die wir von Ihnen anfordern, sind angemessen, relevant und unbedingt erforderlich. Sie sind in keinem Fall verpflichtet, sie uns zur Verf\u00fcgung zu stellen. Die Nichtbereitstellung kann jedoch Auswirkungen auf den Zweck der Dienstleistung oder die Unm\u00f6glichkeit der Bereitstellung haben.<\/p>\r\n<p><strong><span style=\"color: #44597c;\">5. An welche Empf\u00e4nger werden Ihre Daten weitergegeben?<\/span><\/strong><\/p>\r\n<p style=\"text-align: left;\">CAPKELENN S.L. wird Ihre Daten nicht an Dritte weitergeben, es sei denn, Sie werden ausdr\u00fccklich dar\u00fcber informiert.<\/p>\r\n<p style=\"text-align: left;\"><strong><span style=\"color: #44597c;\">6. Welche Rechte haben Sie, wenn Sie uns Ihre Daten zur Verf\u00fcgung stellen?<\/span><\/strong><\/p>\r\n<p style=\"text-align: left;\">Die den Interessenten zustehenden Datenschutzrechte sind:<\/p>\r\n<p style=\"text-align: left;\">Recht, Zugang zu den personenbezogenen Daten des Interessenten zu verlangen<br \/>Recht auf Berichtigung oder L\u00f6schung<br \/>Widerspruchsrecht<br \/>Recht, eine Einschr\u00e4nkung Ihrer Behandlung zu verlangen<br \/>Recht auf Daten\u00fcbertragbarkeit<\/p>\r\n<p style=\"text-align: left;\">Die Inhaber der erhaltenen personenbezogenen Daten k\u00f6nnen ihre Rechte zum Schutz personenbezogener Daten aus\u00fcben, indem sie eine schriftliche Mitteilung an den Sitz von CAPKELENN S.L. senden. oder an die zu diesem Zweck angegebene E-Mail-Adresse <a href=\"mailto:info@capkelenn.com\">info@capkelenn.com<\/a>, einschlie\u00dflich in beiden F\u00e4llen einer Fotokopie Ihres Personalausweises oder eines anderen gleichwertigen Ausweisdokuments.<\/p>\r\n<p style=\"text-align: left;\">Muster, Formulare und weitere Informationen zu Ihren Rechten finden Sie auf der Website der nationalen Kontrollbeh\u00f6rde, der spanischen Datenschutzbeh\u00f6rde, im Folgenden AEPD, www.agpd.es.<\/p>\r\n<\/div>\r\n<div class=\"container-fluid\" style=\"text-align: left;\">\r\n<div class=\"row row-content w-100 m-0\">\r\n<div class=\"block-html d-flex\">\r\n<div class=\"m-auto w-100\">\r\n<div class=\"outstanding w-100 text-center\">\r\n<p>&nbsp;<\/p>\r\n<\/div>\r\n<div class=\"container-fluid\" style=\"text-align: left;\">\r\n<div class=\"row row-content w-100 m-0\">\r\n<div class=\"block-html d-flex\">\r\n<div class=\"m-auto w-100\">\r\n<p style=\"text-align: left;\"><strong><span style=\"color: #44597c;\">7. Kann ich meine Einwilligung widerrufen?<\/span><\/strong><\/p>\r\n<p style=\"text-align: left;\">Sie haben die M\u00f6glichkeit und das Recht, die zu diesem Zeitpunkt erteilte Einwilligung f\u00fcr jeden bestimmten Zweck zu widerrufen, ohne dass die Rechtm\u00e4\u00dfigkeit der auf der Einwilligung bis zum Widerruf erfolgten Behandlung ber\u00fchrt wird.<\/p>\r\n<p style=\"text-align: left;\"><strong><span style=\"color: #44597c;\">8. Wo kann ich mich beschweren, wenn ich der Meinung bin, dass meine Daten nicht korrekt verarbeitet werden?<\/span><\/strong><\/p>\r\n<p style=\"text-align: left;\">Wenn ein Interessent der Ansicht ist, dass seine Daten von CAPKELENN S.L. nicht korrekt verarbeitet werden, Sie k\u00f6nnen Ihre Beschwerden an die E-Mail-Adresse <a href=\"mailto:info@capkelenn.com\">info@capkelenn.com<\/a> oder an die entsprechende Datenschutzbeh\u00f6rde richten, wobei die AEPD die im Staatsgebiet angegebene ist, www.agpd.es<\/p>\r\n<p style=\"text-align: left;\"><strong><span style=\"color: #44597c;\">9. SICHERHEIT UND AKTUALISIERUNG IHRER PERS\u00d6NLICHEN DATEN<\/span><\/strong><\/p>\r\n<p style=\"text-align: left;\">Um die Sicherheit Ihrer pers\u00f6nlichen Daten zu gew\u00e4hrleisten, informieren wir Sie dar\u00fcber, dass CAPKELENN S.L. hat alle notwendigen technischen und organisatorischen Ma\u00dfnahmen ergriffen, um die Sicherheit der bereitgestellten personenbezogenen Daten zu gew\u00e4hrleisten. All dies, um \u00c4nderungen, Verlust und\/oder unbefugte Verarbeitung oder unbefugten Zugriff zu verhindern, wie es die Vorschriften erfordern, obwohl absolute Sicherheit nicht gegeben ist.<\/p>\r\n<p style=\"text-align: left;\">Damit wir Ihre personenbezogenen Daten auf dem neuesten Stand halten k\u00f6nnen, ist es wichtig, dass Sie uns stets \u00fcber \u00c4nderungen informieren.<\/p>\r\n<p style=\"text-align: left;\"><strong><span style=\"color: #44597c;\">10. VERTRAULICHKEIT<\/span><\/strong><\/p>\r\n<p style=\"text-align: left;\">CAPKELENN S.L. informiert Sie dar\u00fcber, dass Ihre Daten von allen an der Behandlungsphase beteiligten Mitarbeitern mit gr\u00f6\u00dfter Sorgfalt und Vertraulichkeit behandelt werden. Wir werden Ihre Daten nicht an Dritte weitergeben oder weitergeben, au\u00dfer in den gesetzlich vorgesehenen F\u00e4llen oder wenn der Interessent uns ausdr\u00fccklich dazu erm\u00e4chtigt hat.<\/p>\r\n<\/div>\r\n<\/div>\r\n<\/div>\r\n<\/div>\r\n<\/div>\r\n<\/div>\r\n<\/div>\r\n<\/div>\r\n<p>[\/vc_column_text][\/vc_column][\/vc_row]<\/p>","protected":false},"excerpt":{"rendered":"<p>[vc_row][vc_column][vc_custom_heading source=&#8220;post_title&#8220; font_container=&#8220;tag:h1|text_align:left&#8220; use_theme_fonts=&#8220;yes&#8220; el_class=&#8220;primary-color&#8220;][vc_column_text el_class=&#8220;primary-color&#8220;] 1. Wer ist f\u00fcr die Verarbeitung Ihrer Daten verantwortlich? CAPKELENN S.L. CIF: B85770212 REGISTRIERTE ADRESSE: Fernando el Cat\u00f3lica, 5, 28015, Madrid E-Mail: info@capkelenn.com Telefon: 91 447 57 07 DPO-Daten: GRUPO ADAPTALIA \u2013 LEGAL FORMATIVO S.L. legal@grupoadaptalia.es 91 553 34 08 2. ZU WELCHEM ZWECK VERARBEITEN WIR IHRE PERSONENBEZOGENEN DATEN? [&hellip;]<\/p>\n","protected":false},"author":1,"featured_media":0,"parent":0,"menu_order":0,"comment_status":"closed","ping_status":"open","template":"","meta":{"footnotes":""},"class_list":["post-4467","page","type-page","status-publish","hentry"],"yoast_head":"<!-- This site is optimized with the Yoast SEO plugin v22.7 - https:\/\/yoast.com\/wordpress\/plugins\/seo\/ -->\n<title>Datenschutzrichtlinie | CapKelenn<\/title>\n<meta name=\"robots\" content=\"index, follow, max-snippet:-1, max-image-preview:large, max-video-preview:-1\" \/>\n<link rel=\"canonical\" href=\"https:\/\/www.capkelenn.com\/de\/datenschutzrichtlinie\/\" \/>\n<meta property=\"og:locale\" content=\"de_DE\" \/>\n<meta property=\"og:type\" content=\"article\" \/>\n<meta property=\"og:title\" content=\"Datenschutzrichtlinie | CapKelenn\" \/>\n<meta property=\"og:description\" content=\"[vc_row][vc_column][vc_custom_heading source=&#8220;post_title&#8220; font_container=&#8220;tag:h1|text_align:left&#8220; use_theme_fonts=&#8220;yes&#8220; el_class=&#8220;primary-color&#8220;][vc_column_text el_class=&#8220;primary-color&#8220;] 1. Wer ist f\u00fcr die Verarbeitung Ihrer Daten verantwortlich? CAPKELENN S.L. CIF: B85770212 REGISTRIERTE ADRESSE: Fernando el Cat\u00f3lica, 5, 28015, Madrid E-Mail: info@capkelenn.com Telefon: 91 447 57 07 DPO-Daten: GRUPO ADAPTALIA \u2013 LEGAL FORMATIVO S.L. legal@grupoadaptalia.es 91 553 34 08 2. ZU WELCHEM ZWECK VERARBEITEN WIR IHRE PERSONENBEZOGENEN DATEN? [&hellip;]\" \/>\n<meta property=\"og:url\" content=\"https:\/\/www.capkelenn.com\/de\/datenschutzrichtlinie\/\" \/>\n<meta property=\"og:site_name\" content=\"CapKelenn\" \/>\n<meta property=\"article:modified_time\" content=\"2024-02-16T08:10:59+00:00\" \/>\n<meta name=\"twitter:card\" content=\"summary_large_image\" \/>\n<meta name=\"twitter:label1\" content=\"Gesch\u00e4tzte Lesezeit\" \/>\n\t<meta name=\"twitter:data1\" content=\"3\u00a0Minuten\" \/>\n<script type=\"application\/ld+json\" class=\"yoast-schema-graph\">{\"@context\":\"https:\/\/schema.org\",\"@graph\":[{\"@type\":\"WebPage\",\"@id\":\"https:\/\/www.capkelenn.com\/de\/datenschutzrichtlinie\/\",\"url\":\"https:\/\/www.capkelenn.com\/de\/datenschutzrichtlinie\/\",\"name\":\"Datenschutzrichtlinie | CapKelenn\",\"isPartOf\":{\"@id\":\"https:\/\/www.capkelenn.com\/#website\"},\"datePublished\":\"2022-05-30T07:58:57+00:00\",\"dateModified\":\"2024-02-16T08:10:59+00:00\",\"breadcrumb\":{\"@id\":\"https:\/\/www.capkelenn.com\/de\/datenschutzrichtlinie\/#breadcrumb\"},\"inLanguage\":\"de\",\"potentialAction\":[{\"@type\":\"ReadAction\",\"target\":[\"https:\/\/www.capkelenn.com\/de\/datenschutzrichtlinie\/\"]}]},{\"@type\":\"BreadcrumbList\",\"@id\":\"https:\/\/www.capkelenn.com\/de\/datenschutzrichtlinie\/#breadcrumb\",\"itemListElement\":[{\"@type\":\"ListItem\",\"position\":1,\"name\":\"Portada\",\"item\":\"https:\/\/www.capkelenn.com\/de\/\"},{\"@type\":\"ListItem\",\"position\":2,\"name\":\"Datenschutzrichtlinie\"}]},{\"@type\":\"WebSite\",\"@id\":\"https:\/\/www.capkelenn.com\/#website\",\"url\":\"https:\/\/www.capkelenn.com\/\",\"name\":\"CapKelenn\",\"description\":\"CapKelenn\",\"potentialAction\":[{\"@type\":\"SearchAction\",\"target\":{\"@type\":\"EntryPoint\",\"urlTemplate\":\"https:\/\/www.capkelenn.com\/?s={search_term_string}\"},\"query-input\":\"required name=search_term_string\"}],\"inLanguage\":\"de\"}]}<\/script>\n<!-- \/ Yoast SEO plugin. -->","yoast_head_json":{"title":"Datenschutzrichtlinie | CapKelenn","robots":{"index":"index","follow":"follow","max-snippet":"max-snippet:-1","max-image-preview":"max-image-preview:large","max-video-preview":"max-video-preview:-1"},"canonical":"https:\/\/www.capkelenn.com\/de\/datenschutzrichtlinie\/","og_locale":"de_DE","og_type":"article","og_title":"Datenschutzrichtlinie | CapKelenn","og_description":"[vc_row][vc_column][vc_custom_heading source=&#8220;post_title&#8220; font_container=&#8220;tag:h1|text_align:left&#8220; use_theme_fonts=&#8220;yes&#8220; el_class=&#8220;primary-color&#8220;][vc_column_text el_class=&#8220;primary-color&#8220;] 1. Wer ist f\u00fcr die Verarbeitung Ihrer Daten verantwortlich? CAPKELENN S.L. CIF: B85770212 REGISTRIERTE ADRESSE: Fernando el Cat\u00f3lica, 5, 28015, Madrid E-Mail: info@capkelenn.com Telefon: 91 447 57 07 DPO-Daten: GRUPO ADAPTALIA \u2013 LEGAL FORMATIVO S.L. legal@grupoadaptalia.es 91 553 34 08 2. ZU WELCHEM ZWECK VERARBEITEN WIR IHRE PERSONENBEZOGENEN DATEN? [&hellip;]","og_url":"https:\/\/www.capkelenn.com\/de\/datenschutzrichtlinie\/","og_site_name":"CapKelenn","article_modified_time":"2024-02-16T08:10:59+00:00","twitter_card":"summary_large_image","twitter_misc":{"Gesch\u00e4tzte Lesezeit":"3\u00a0Minuten"},"schema":{"@context":"https:\/\/schema.org","@graph":[{"@type":"WebPage","@id":"https:\/\/www.capkelenn.com\/de\/datenschutzrichtlinie\/","url":"https:\/\/www.capkelenn.com\/de\/datenschutzrichtlinie\/","name":"Datenschutzrichtlinie | CapKelenn","isPartOf":{"@id":"https:\/\/www.capkelenn.com\/#website"},"datePublished":"2022-05-30T07:58:57+00:00","dateModified":"2024-02-16T08:10:59+00:00","breadcrumb":{"@id":"https:\/\/www.capkelenn.com\/de\/datenschutzrichtlinie\/#breadcrumb"},"inLanguage":"de","potentialAction":[{"@type":"ReadAction","target":["https:\/\/www.capkelenn.com\/de\/datenschutzrichtlinie\/"]}]},{"@type":"BreadcrumbList","@id":"https:\/\/www.capkelenn.com\/de\/datenschutzrichtlinie\/#breadcrumb","itemListElement":[{"@type":"ListItem","position":1,"name":"Portada","item":"https:\/\/www.capkelenn.com\/de\/"},{"@type":"ListItem","position":2,"name":"Datenschutzrichtlinie"}]},{"@type":"WebSite","@id":"https:\/\/www.capkelenn.com\/#website","url":"https:\/\/www.capkelenn.com\/","name":"CapKelenn","description":"CapKelenn","potentialAction":[{"@type":"SearchAction","target":{"@type":"EntryPoint","urlTemplate":"https:\/\/www.capkelenn.com\/?s={search_term_string}"},"query-input":"required name=search_term_string"}],"inLanguage":"de"}]}},"_links":{"self":[{"href":"https:\/\/www.capkelenn.com\/de\/wp-json\/wp\/v2\/pages\/4467","targetHints":{"allow":["GET"]}}],"collection":[{"href":"https:\/\/www.capkelenn.com\/de\/wp-json\/wp\/v2\/pages"}],"about":[{"href":"https:\/\/www.capkelenn.com\/de\/wp-json\/wp\/v2\/types\/page"}],"author":[{"embeddable":true,"href":"https:\/\/www.capkelenn.com\/de\/wp-json\/wp\/v2\/users\/1"}],"replies":[{"embeddable":true,"href":"https:\/\/www.capkelenn.com\/de\/wp-json\/wp\/v2\/comments?post=4467"}],"version-history":[{"count":12,"href":"https:\/\/www.capkelenn.com\/de\/wp-json\/wp\/v2\/pages\/4467\/revisions"}],"predecessor-version":[{"id":4468,"href":"https:\/\/www.capkelenn.com\/de\/wp-json\/wp\/v2\/pages\/4467\/revisions\/4468"}],"wp:attachment":[{"href":"https:\/\/www.capkelenn.com\/de\/wp-json\/wp\/v2\/media?parent=4467"}],"curies":[{"name":"wp","href":"https:\/\/api.w.org\/{rel}","templated":true}]}}